{"id":14,"date":"2022-03-06T14:15:54","date_gmt":"2022-03-06T14:15:54","guid":{"rendered":"https:\/\/onelabec.com\/?page_id=14"},"modified":"2022-03-07T13:08:17","modified_gmt":"2022-03-07T13:08:17","slug":"vision","status":"publish","type":"page","link":"https:\/\/onelabec.com\/index.php\/vision\/","title":{"rendered":"Vision"},"content":{"rendered":"\n<p><strong>Proporcionar los servicios m\u00e1s especializados y de alta calidad a m\u00e9dicos y pa<\/strong>tolog\u00eda<\/p>\n","protected":false},"excerpt":{"rendered":"<p>Proporcionar los servicios m\u00e1s especializados y de alta calidad a m\u00e9dicos y patolog\u00eda<\/p>\n","protected":false},"author":1,"featured_media":50,"parent":0,"menu_order":0,"comment_status":"closed","ping_status":"closed","template":"","meta":{"site-sidebar-layout":"default","site-content-layout":"default","ast-main-header-display":"","ast-hfb-above-header-display":"","ast-hfb-below-header-display":"","ast-hfb-mobile-header-display":"","site-post-title":"","ast-breadcrumbs-content":"","ast-featured-img":"","footer-sml-layout":"","theme-transparent-header-meta":"","adv-header-id-meta":"","stick-header-meta":"","header-above-stick-meta":"","header-main-stick-meta":"","header-below-stick-meta":"","footnotes":""},"class_list":["post-14","page","type-page","status-publish","has-post-thumbnail","hentry"],"_links":{"self":[{"href":"https:\/\/onelabec.com\/index.php\/wp-json\/wp\/v2\/pages\/14","targetHints":{"allow":["GET"]}}],"collection":[{"href":"https:\/\/onelabec.com\/index.php\/wp-json\/wp\/v2\/pages"}],"about":[{"href":"https:\/\/onelabec.com\/index.php\/wp-json\/wp\/v2\/types\/page"}],"author":[{"embeddable":true,"href":"https:\/\/onelabec.com\/index.php\/wp-json\/wp\/v2\/users\/1"}],"replies":[{"embeddable":true,"href":"https:\/\/onelabec.com\/index.php\/wp-json\/wp\/v2\/comments?post=14"}],"version-history":[{"count":3,"href":"https:\/\/onelabec.com\/index.php\/wp-json\/wp\/v2\/pages\/14\/revisions"}],"predecessor-version":[{"id":70,"href":"https:\/\/onelabec.com\/index.php\/wp-json\/wp\/v2\/pages\/14\/revisions\/70"}],"wp:featuredmedia":[{"embeddable":true,"href":"https:\/\/onelabec.com\/index.php\/wp-json\/wp\/v2\/media\/50"}],"wp:attachment":[{"href":"https:\/\/onelabec.com\/index.php\/wp-json\/wp\/v2\/media?parent=14"}],"curies":[{"name":"wp","href":"https:\/\/api.w.org\/{rel}","templated":true}]}}